{"id":333,"date":"2025-09-11T08:59:54","date_gmt":"2025-09-11T11:59:54","guid":{"rendered":"https:\/\/marizehiga.com.br\/?page_id=333"},"modified":"2025-09-11T09:57:06","modified_gmt":"2025-09-11T12:57:06","slug":"case-marcas","status":"publish","type":"page","link":"https:\/\/marizehiga.com.br\/?page_id=333","title":{"rendered":"Case-Marcas"},"content":{"rendered":"\n<div class=\"wp-block-media-text is-stacked-on-mobile has-kubio-color-6-color has-text-color has-link-color wp-elements-7b0a36cfd86be16af418a3d2c6e1cc9a\" style=\"padding-top:var(--wp--preset--spacing--60);padding-right:0;padding-bottom:var(--wp--preset--spacing--60);padding-left:0;grid-template-columns:31% auto\"><figure class=\"wp-block-media-text__media\"><img data-opt-id=1255620413  fetchpriority=\"high\" decoding=\"async\" width=\"1024\" height=\"1024\" src=\"https:\/\/mlx166gptbcr.i.optimole.com\/w:1024\/h:1024\/q:mauto\/ig:avif\/http:\/\/marizehiga.com.br\/wp-content\/uploads\/2025\/09\/PS-Marcas-03.jpg\" alt=\"\" class=\"wp-image-334 size-full\" srcset=\"https:\/\/mlx166gptbcr.i.optimole.com\/w:1024\/h:1024\/q:mauto\/ig:avif\/https:\/\/marizehiga.com.br\/wp-content\/uploads\/2025\/09\/PS-Marcas-03.jpg 1024w, https:\/\/mlx166gptbcr.i.optimole.com\/w:300\/h:300\/q:mauto\/ig:avif\/https:\/\/marizehiga.com.br\/wp-content\/uploads\/2025\/09\/PS-Marcas-03.jpg 300w, https:\/\/mlx166gptbcr.i.optimole.com\/w:150\/h:150\/q:mauto\/ig:avif\/https:\/\/marizehiga.com.br\/wp-content\/uploads\/2025\/09\/PS-Marcas-03.jpg 150w, https:\/\/mlx166gptbcr.i.optimole.com\/w:768\/h:768\/q:mauto\/ig:avif\/https:\/\/marizehiga.com.br\/wp-content\/uploads\/2025\/09\/PS-Marcas-03.jpg 768w, https:\/\/mlx166gptbcr.i.optimole.com\/w:1080\/h:1080\/q:mauto\/ig:avif\/https:\/\/marizehiga.com.br\/wp-content\/uploads\/2025\/09\/PS-Marcas-03.jpg 1536w, https:\/\/mlx166gptbcr.i.optimole.com\/w:1080\/h:1080\/q:mauto\/ig:avif\/https:\/\/marizehiga.com.br\/wp-content\/uploads\/2025\/09\/PS-Marcas-03.jpg 1080w, https:\/\/mlx166gptbcr.i.optimole.com\/w:1080\/h:1080\/q:mauto\/ig:avif\/https:\/\/marizehiga.com.br\/wp-content\/uploads\/2025\/09\/PS-Marcas-03.jpg 1600w\" sizes=\"(max-width: 1000px) 100vw, 1000px\" \/><\/figure><div class=\"wp-block-media-text__content\">\n\n\n\n\n<blockquote class=\"wp-block-quote is-layout-flow wp-block-quote-is-layout-flow\">\n<p>Uma reflex\u00e3o de que marcas n\u00e3o s\u00e3o apenas identidades gr\u00e1ficas, mas registros que nos acompanham e moldam nossas experi\u00eancias.<\/p>\n<\/blockquote>\n<\/div><\/div>\n\n\n\n<div class=\"wp-block-media-text has-media-on-the-right is-stacked-on-mobile has-kubio-color-6-color has-text-color has-link-color wp-elements-9e4ec08da3eab5ed2b8484953ffe60a4\" style=\"padding-top:0;padding-bottom:0;grid-template-columns:auto 35%\"><div class=\"wp-block-media-text__content\">\n\n\n\n\n<blockquote class=\"wp-block-quote is-layout-flow wp-block-quote-is-layout-flow\"><\/blockquote>\n<\/div><figure class=\"wp-block-media-text__media\"><img data-opt-id=1701091492  fetchpriority=\"high\" decoding=\"async\" width=\"587\" height=\"584\" src=\"https:\/\/mlx166gptbcr.i.optimole.com\/w:auto\/h:auto\/q:mauto\/ig:avif\/http:\/\/marizehiga.com.br\/wp-content\/uploads\/2025\/09\/Captura-de-tela-2025-08-28-120445.png\" alt=\"\" class=\"wp-image-251 size-full\" srcset=\"https:\/\/mlx166gptbcr.i.optimole.com\/w:587\/h:584\/q:mauto\/ig:avif\/https:\/\/marizehiga.com.br\/wp-content\/uploads\/2025\/09\/Captura-de-tela-2025-08-28-120445.png 587w, https:\/\/mlx166gptbcr.i.optimole.com\/w:300\/h:298\/q:mauto\/ig:avif\/https:\/\/marizehiga.com.br\/wp-content\/uploads\/2025\/09\/Captura-de-tela-2025-08-28-120445.png 300w, https:\/\/mlx166gptbcr.i.optimole.com\/w:150\/h:150\/q:mauto\/ig:avif\/https:\/\/marizehiga.com.br\/wp-content\/uploads\/2025\/09\/Captura-de-tela-2025-08-28-120445.png 150w\" sizes=\"(max-width: 587px) 100vw, 587px\" \/><\/figure><\/div>\n\n\n\n<div class=\"wp-block-media-text is-stacked-on-mobile has-kubio-color-6-color has-text-color has-link-color has-small-font-size wp-elements-08cb5a9714c6ce3f5472df49d1835717\" style=\"padding-top:var(--wp--preset--spacing--50);padding-bottom:var(--wp--preset--spacing--50);grid-template-columns:45% auto\"><figure class=\"wp-block-media-text__media\"><img data-opt-id=1584667161  data-opt-src=\"https:\/\/mlx166gptbcr.i.optimole.com\/w:1024\/h:683\/q:mauto\/ig:avif\/http:\/\/marizehiga.com.br\/wp-content\/uploads\/2025\/09\/Square-Magazine-Mockup.png\"  decoding=\"async\" width=\"1024\" height=\"683\" src=\"data:image/svg+xml,%3Csvg%20viewBox%3D%220%200%201024%20683%22%20width%3D%221024%22%20height%3D%22683%22%20xmlns%3D%22http%3A%2F%2Fwww.w3.org%2F2000%2Fsvg%22%3E%3Crect%20width%3D%221024%22%20height%3D%22683%22%20fill%3D%22transparent%22%2F%3E%3C%2Fsvg%3E\" alt=\"\" class=\"wp-image-181 size-full\" old-srcset=\"https:\/\/mlx166gptbcr.i.optimole.com\/w:1024\/h:683\/q:mauto\/ig:avif\/https:\/\/marizehiga.com.br\/wp-content\/uploads\/2025\/09\/Square-Magazine-Mockup-scaled.png 1024w, https:\/\/mlx166gptbcr.i.optimole.com\/w:300\/h:200\/q:mauto\/ig:avif\/https:\/\/marizehiga.com.br\/wp-content\/uploads\/2025\/09\/Square-Magazine-Mockup-scaled.png 300w, https:\/\/mlx166gptbcr.i.optimole.com\/w:768\/h:512\/q:mauto\/ig:avif\/https:\/\/marizehiga.com.br\/wp-content\/uploads\/2025\/09\/Square-Magazine-Mockup-scaled.png 768w, https:\/\/mlx166gptbcr.i.optimole.com\/w:1536\/h:1024\/q:mauto\/ig:avif\/https:\/\/marizehiga.com.br\/wp-content\/uploads\/2025\/09\/Square-Magazine-Mockup-scaled.png 1536w, https:\/\/mlx166gptbcr.i.optimole.com\/w:1620\/h:1080\/q:mauto\/ig:avif\/https:\/\/marizehiga.com.br\/wp-content\/uploads\/2025\/09\/Square-Magazine-Mockup-scaled.png 2048w, https:\/\/mlx166gptbcr.i.optimole.com\/w:1620\/h:1080\/q:mauto\/ig:avif\/https:\/\/marizehiga.com.br\/wp-content\/uploads\/2025\/09\/Square-Magazine-Mockup-scaled.png 1620w\" \/><\/figure><div class=\"wp-block-media-text__content\">\n\n\n\n\n<blockquote class=\"wp-block-quote is-layout-flow wp-block-quote-is-layout-flow\">\n<p>A revista assumiu um car\u00e1ter experimental, combinando teoria, ensaio visual e narrativa para traduzir os diferentes impactos do tema.<\/p>\n<\/blockquote>\n<\/div><\/div>\n\n\n\n<div class=\"wp-block-media-text has-media-on-the-right is-stacked-on-mobile has-kubio-color-6-color has-text-color has-link-color wp-elements-310c872fb6435f644fcf065a4255a6a9\" style=\"padding-top:0;padding-bottom:0;grid-template-columns:auto 34%\"><div class=\"wp-block-media-text__content\">\n\n\n\n\n<blockquote class=\"wp-block-quote is-layout-flow wp-block-quote-is-layout-flow\">\n<p>Defini\u00e7\u00e3o de um modelo semestral, sempre guiado por uma <strong>ideia central<\/strong> como fio condutor dos conte\u00fados.<\/p>\n<\/blockquote>\n<\/div><figure class=\"wp-block-media-text__media\"><img data-opt-id=2132232144  data-opt-src=\"https:\/\/mlx166gptbcr.i.optimole.com\/w:auto\/h:auto\/q:mauto\/ig:avif\/http:\/\/marizehiga.com.br\/wp-content\/uploads\/2025\/09\/Centro3-1.jpg\"  decoding=\"async\" width=\"407\" height=\"406\" src=\"data:image/svg+xml,%3Csvg%20viewBox%3D%220%200%20100%%20100%%22%20width%3D%22100%%22%20height%3D%22100%%22%20xmlns%3D%22http%3A%2F%2Fwww.w3.org%2F2000%2Fsvg%22%3E%3Crect%20width%3D%22100%%22%20height%3D%22100%%22%20fill%3D%22transparent%22%2F%3E%3C%2Fsvg%3E\" alt=\"\" class=\"wp-image-258 size-full\" old-srcset=\"https:\/\/mlx166gptbcr.i.optimole.com\/w:407\/h:406\/q:mauto\/ig:avif\/https:\/\/marizehiga.com.br\/wp-content\/uploads\/2025\/09\/Centro3-1.jpg 407w, https:\/\/mlx166gptbcr.i.optimole.com\/w:300\/h:300\/q:mauto\/ig:avif\/https:\/\/marizehiga.com.br\/wp-content\/uploads\/2025\/09\/Centro3-1.jpg 300w, https:\/\/mlx166gptbcr.i.optimole.com\/w:150\/h:150\/q:mauto\/ig:avif\/https:\/\/marizehiga.com.br\/wp-content\/uploads\/2025\/09\/Centro3-1.jpg 150w\" \/><\/figure><\/div>\n\n\n\n<div class=\"wp-block-media-text is-stacked-on-mobile has-kubio-color-6-color has-text-color has-link-color wp-elements-a463fa45682695329dc878c6308e2e73\" style=\"padding-top:0;padding-bottom:0;grid-template-columns:41% auto\"><figure class=\"wp-block-media-text__media\"><img data-opt-id=1701207450  data-opt-src=\"https:\/\/mlx166gptbcr.i.optimole.com\/w:1024\/h:681\/q:mauto\/ig:avif\/http:\/\/marizehiga.com.br\/wp-content\/uploads\/2025\/09\/PS-Marcas-01.jpg\"  decoding=\"async\" width=\"1024\" height=\"681\" src=\"data:image/svg+xml,%3Csvg%20viewBox%3D%220%200%201024%20681%22%20width%3D%221024%22%20height%3D%22681%22%20xmlns%3D%22http%3A%2F%2Fwww.w3.org%2F2000%2Fsvg%22%3E%3Crect%20width%3D%221024%22%20height%3D%22681%22%20fill%3D%22transparent%22%2F%3E%3C%2Fsvg%3E\" alt=\"\" class=\"wp-image-335 size-full\" old-srcset=\"https:\/\/mlx166gptbcr.i.optimole.com\/w:1024\/h:681\/q:mauto\/ig:avif\/https:\/\/marizehiga.com.br\/wp-content\/uploads\/2025\/09\/PS-Marcas-01.jpg 1024w, https:\/\/mlx166gptbcr.i.optimole.com\/w:300\/h:199\/q:mauto\/ig:avif\/https:\/\/marizehiga.com.br\/wp-content\/uploads\/2025\/09\/PS-Marcas-01.jpg 300w, https:\/\/mlx166gptbcr.i.optimole.com\/w:768\/h:511\/q:mauto\/ig:avif\/https:\/\/marizehiga.com.br\/wp-content\/uploads\/2025\/09\/PS-Marcas-01.jpg 768w, https:\/\/mlx166gptbcr.i.optimole.com\/w:1411\/h:938\/q:mauto\/ig:avif\/https:\/\/marizehiga.com.br\/wp-content\/uploads\/2025\/09\/PS-Marcas-01.jpg 1411w\" \/><\/figure><div class=\"wp-block-media-text__content\">\n\n\n\n\n<blockquote class=\"wp-block-quote is-layout-flow wp-block-quote-is-layout-flow\">\n<p><\/p>\n<\/blockquote>\n<\/div><\/div>\n\n\n\n<blockquote class=\"wp-block-quote is-layout-flow wp-block-quote-is-layout-flow\">\n<p><\/p>\n<\/blockquote>\n","protected":false},"excerpt":{"rendered":"","protected":false},"author":1,"featured_media":0,"parent":0,"menu_order":0,"comment_status":"closed","ping_status":"closed","template":"","meta":{"saved_in_kubio":true,"footnotes":""},"class_list":["post-333","page","type-page","status-publish","hentry"],"kubio_ai_page_context":{"short_desc":"","purpose":"general"},"_links":{"self":[{"href":"https:\/\/marizehiga.com.br\/index.php?rest_route=\/wp\/v2\/pages\/333","targetHints":{"allow":["GET"]}}],"collection":[{"href":"https:\/\/marizehiga.com.br\/index.php?rest_route=\/wp\/v2\/pages"}],"about":[{"href":"https:\/\/marizehiga.com.br\/index.php?rest_route=\/wp\/v2\/types\/page"}],"author":[{"embeddable":true,"href":"https:\/\/marizehiga.com.br\/index.php?rest_route=\/wp\/v2\/users\/1"}],"replies":[{"embeddable":true,"href":"https:\/\/marizehiga.com.br\/index.php?rest_route=%2Fwp%2Fv2%2Fcomments&post=333"}],"version-history":[{"count":1,"href":"https:\/\/marizehiga.com.br\/index.php?rest_route=\/wp\/v2\/pages\/333\/revisions"}],"predecessor-version":[{"id":337,"href":"https:\/\/marizehiga.com.br\/index.php?rest_route=\/wp\/v2\/pages\/333\/revisions\/337"}],"wp:attachment":[{"href":"https:\/\/marizehiga.com.br\/index.php?rest_route=%2Fwp%2Fv2%2Fmedia&parent=333"}],"curies":[{"name":"wp","href":"https:\/\/api.w.org\/{rel}","templated":true}]}}