{"id":376,"date":"2025-09-11T12:09:15","date_gmt":"2025-09-11T15:09:15","guid":{"rendered":"https:\/\/marizehiga.com.br\/?page_id=376"},"modified":"2026-01-12T16:02:13","modified_gmt":"2026-01-12T19:02:13","slug":"case-espacopet","status":"publish","type":"page","link":"https:\/\/marizehiga.com.br\/?page_id=376","title":{"rendered":"Case-Espa\u00e7oPet"},"content":{"rendered":"\n<div class=\"wp-block-media-text is-stacked-on-mobile has-kubio-color-6-color has-text-color has-link-color wp-elements-1f9c6b487a9b1416380a336c990d7277\" style=\"padding-top:var(--wp--preset--spacing--60);padding-right:0;padding-bottom:var(--wp--preset--spacing--60);padding-left:0;grid-template-columns:27% auto\"><figure class=\"wp-block-media-text__media\"><img data-opt-id=1619164696  fetchpriority=\"high\" decoding=\"async\" width=\"896\" height=\"1024\" src=\"https:\/\/mlx166gptbcr.i.optimole.com\/w:896\/h:1024\/q:mauto\/ig:avif\/http:\/\/marizehiga.com.br\/wp-content\/uploads\/2025\/09\/Pet-02-1.jpg\" alt=\"\" class=\"wp-image-382 size-full\" srcset=\"https:\/\/mlx166gptbcr.i.optimole.com\/w:896\/h:1024\/q:mauto\/ig:avif\/https:\/\/marizehiga.com.br\/wp-content\/uploads\/2025\/09\/Pet-02-1.jpg 896w, https:\/\/mlx166gptbcr.i.optimole.com\/w:263\/h:300\/q:mauto\/ig:avif\/https:\/\/marizehiga.com.br\/wp-content\/uploads\/2025\/09\/Pet-02-1.jpg 263w, https:\/\/mlx166gptbcr.i.optimole.com\/w:768\/h:878\/q:mauto\/ig:avif\/https:\/\/marizehiga.com.br\/wp-content\/uploads\/2025\/09\/Pet-02-1.jpg 768w, https:\/\/mlx166gptbcr.i.optimole.com\/w:945\/h:1080\/q:mauto\/ig:avif\/https:\/\/marizehiga.com.br\/wp-content\/uploads\/2025\/09\/Pet-02-1.jpg 1344w, https:\/\/mlx166gptbcr.i.optimole.com\/w:945\/h:1080\/q:mauto\/ig:avif\/https:\/\/marizehiga.com.br\/wp-content\/uploads\/2025\/09\/Pet-02-1.jpg 945w, https:\/\/mlx166gptbcr.i.optimole.com\/w:945\/h:1080\/q:mauto\/ig:avif\/https:\/\/marizehiga.com.br\/wp-content\/uploads\/2025\/09\/Pet-02-1.jpg 1400w\" sizes=\"(max-width: 896px) 100vw, 896px\" \/><\/figure><div class=\"wp-block-media-text__content\">\n\n\n\n\n<blockquote class=\"wp-block-quote is-layout-flow wp-block-quote-is-layout-flow\">\n<p><\/p>\n<\/blockquote>\n<\/div><\/div>\n\n\n\n<div class=\"wp-block-media-text has-media-on-the-right is-stacked-on-mobile has-kubio-color-6-color has-text-color has-link-color wp-elements-f762872b81f2ac3912e0b06ef5ee54df\" style=\"padding-top:0;padding-bottom:0;grid-template-columns:auto 35%\"><div class=\"wp-block-media-text__content\">\n\n<\/div><figure class=\"wp-block-media-text__media\"><img data-opt-id=1636387619  fetchpriority=\"high\" decoding=\"async\" width=\"1024\" height=\"680\" src=\"https:\/\/mlx166gptbcr.i.optimole.com\/w:1024\/h:680\/q:mauto\/ig:avif\/http:\/\/marizehiga.com.br\/wp-content\/uploads\/2025\/09\/Pet-04-1.jpg\" alt=\"\" class=\"wp-image-380 size-full\" srcset=\"https:\/\/mlx166gptbcr.i.optimole.com\/w:1024\/h:680\/q:mauto\/ig:avif\/https:\/\/marizehiga.com.br\/wp-content\/uploads\/2025\/09\/Pet-04-1.jpg 1024w, https:\/\/mlx166gptbcr.i.optimole.com\/w:300\/h:199\/q:mauto\/ig:avif\/https:\/\/marizehiga.com.br\/wp-content\/uploads\/2025\/09\/Pet-04-1.jpg 300w, https:\/\/mlx166gptbcr.i.optimole.com\/w:768\/h:510\/q:mauto\/ig:avif\/https:\/\/marizehiga.com.br\/wp-content\/uploads\/2025\/09\/Pet-04-1.jpg 768w, https:\/\/mlx166gptbcr.i.optimole.com\/w:1400\/h:930\/q:mauto\/ig:avif\/https:\/\/marizehiga.com.br\/wp-content\/uploads\/2025\/09\/Pet-04-1.jpg 1400w\" sizes=\"(max-width: 1000px) 100vw, 1000px\" \/><\/figure><\/div>\n\n\n\n<div class=\"wp-block-media-text is-stacked-on-mobile has-kubio-color-6-color has-text-color has-link-color has-small-font-size wp-elements-a9ab19aa6d10cc972106bfb655690795\" style=\"padding-top:var(--wp--preset--spacing--50);padding-bottom:var(--wp--preset--spacing--50);grid-template-columns:43% auto\"><figure class=\"wp-block-media-text__media\"><img data-opt-id=1037421542  data-opt-src=\"https:\/\/mlx166gptbcr.i.optimole.com\/w:auto\/h:auto\/q:mauto\/ig:avif\/http:\/\/marizehiga.com.br\/wp-content\/uploads\/2025\/09\/Pet-01-1.webp\"  decoding=\"async\" width=\"842\" height=\"595\" src=\"data:image/svg+xml,%3Csvg%20viewBox%3D%220%200%20100%%20100%%22%20width%3D%22100%%22%20height%3D%22100%%22%20xmlns%3D%22http%3A%2F%2Fwww.w3.org%2F2000%2Fsvg%22%3E%3Crect%20width%3D%22100%%22%20height%3D%22100%%22%20fill%3D%22transparent%22%2F%3E%3C%2Fsvg%3E\" alt=\"\" class=\"wp-image-377 size-full\" old-srcset=\"https:\/\/mlx166gptbcr.i.optimole.com\/w:842\/h:595\/q:mauto\/ig:avif\/https:\/\/marizehiga.com.br\/wp-content\/uploads\/2025\/09\/Pet-01-1.webp 842w, https:\/\/mlx166gptbcr.i.optimole.com\/w:300\/h:212\/q:mauto\/ig:avif\/https:\/\/marizehiga.com.br\/wp-content\/uploads\/2025\/09\/Pet-01-1.webp 300w, https:\/\/mlx166gptbcr.i.optimole.com\/w:768\/h:543\/q:mauto\/ig:avif\/https:\/\/marizehiga.com.br\/wp-content\/uploads\/2025\/09\/Pet-01-1.webp 768w\" \/><\/figure><div class=\"wp-block-media-text__content\">\n\n\n\n\n<blockquote class=\"wp-block-quote is-layout-flow wp-block-quote-is-layout-flow\">\n<p><\/p>\n<\/blockquote>\n<\/div><\/div>\n\n\n\n<div class=\"wp-block-media-text has-media-on-the-right is-stacked-on-mobile has-kubio-color-6-color has-text-color has-link-color wp-elements-36df7c827c0b8a8779be7697cd3f1162\" style=\"padding-top:0;padding-bottom:0;grid-template-columns:auto 34%\"><div class=\"wp-block-media-text__content\">\n\n\n<p>Uma comunica\u00e7\u00e3o <strong>clara, amig\u00e1vel e afetiva<\/strong>, fortalecendo a percep\u00e7\u00e3o da Graal como <strong>pet friendly<\/strong>.<\/p>\n\n\n\n<p>Maior <strong>engajamento com os tutores<\/strong>, que passaram a reconhecer no Espa\u00e7o Pet um diferencial da Graal.<\/p>\n\n\n\n<p>Os personagens trouxeram <strong>vida e proximidade<\/strong> \u00e0 campanha, tornando a experi\u00eancia memor\u00e1vel, divertida e emocionalmente marcante.<\/p>\n\n\n\n<p>O servi\u00e7o consolidou-se como um <strong>elemento de diferencia\u00e7\u00e3o da marca Graal<\/strong> no setor de conveni\u00eancia em estradas.<\/p>\n\n\n\n\n\n<blockquote class=\"wp-block-quote is-layout-flow wp-block-quote-is-layout-flow\">\n<p><\/p>\n<\/blockquote>\n<\/div><figure class=\"wp-block-media-text__media\"><img data-opt-id=1657068487  data-opt-src=\"https:\/\/mlx166gptbcr.i.optimole.com\/w:896\/h:1024\/q:mauto\/ig:avif\/http:\/\/marizehiga.com.br\/wp-content\/uploads\/2025\/09\/Pet-03.jpg\"  decoding=\"async\" width=\"896\" height=\"1024\" src=\"data:image/svg+xml,%3Csvg%20viewBox%3D%220%200%20896%201024%22%20width%3D%22896%22%20height%3D%221024%22%20xmlns%3D%22http%3A%2F%2Fwww.w3.org%2F2000%2Fsvg%22%3E%3Crect%20width%3D%22896%22%20height%3D%221024%22%20fill%3D%22transparent%22%2F%3E%3C%2Fsvg%3E\" alt=\"\" class=\"wp-image-381 size-full\" old-srcset=\"https:\/\/mlx166gptbcr.i.optimole.com\/w:896\/h:1024\/q:mauto\/ig:avif\/https:\/\/marizehiga.com.br\/wp-content\/uploads\/2025\/09\/Pet-03.jpg 896w, https:\/\/mlx166gptbcr.i.optimole.com\/w:263\/h:300\/q:mauto\/ig:avif\/https:\/\/marizehiga.com.br\/wp-content\/uploads\/2025\/09\/Pet-03.jpg 263w, https:\/\/mlx166gptbcr.i.optimole.com\/w:768\/h:878\/q:mauto\/ig:avif\/https:\/\/marizehiga.com.br\/wp-content\/uploads\/2025\/09\/Pet-03.jpg 768w, https:\/\/mlx166gptbcr.i.optimole.com\/w:945\/h:1080\/q:mauto\/ig:avif\/https:\/\/marizehiga.com.br\/wp-content\/uploads\/2025\/09\/Pet-03.jpg 1344w, https:\/\/mlx166gptbcr.i.optimole.com\/w:945\/h:1080\/q:mauto\/ig:avif\/https:\/\/marizehiga.com.br\/wp-content\/uploads\/2025\/09\/Pet-03.jpg 945w, https:\/\/mlx166gptbcr.i.optimole.com\/w:945\/h:1080\/q:mauto\/ig:avif\/https:\/\/marizehiga.com.br\/wp-content\/uploads\/2025\/09\/Pet-03.jpg 1400w\" \/><\/figure><\/div>\n","protected":false},"excerpt":{"rendered":"","protected":false},"author":1,"featured_media":0,"parent":0,"menu_order":0,"comment_status":"closed","ping_status":"closed","template":"","meta":{"saved_in_kubio":true,"footnotes":""},"class_list":["post-376","page","type-page","status-publish","hentry"],"kubio_ai_page_context":{"short_desc":"","purpose":"general"},"_links":{"self":[{"href":"https:\/\/marizehiga.com.br\/index.php?rest_route=\/wp\/v2\/pages\/376","targetHints":{"allow":["GET"]}}],"collection":[{"href":"https:\/\/marizehiga.com.br\/index.php?rest_route=\/wp\/v2\/pages"}],"about":[{"href":"https:\/\/marizehiga.com.br\/index.php?rest_route=\/wp\/v2\/types\/page"}],"author":[{"embeddable":true,"href":"https:\/\/marizehiga.com.br\/index.php?rest_route=\/wp\/v2\/users\/1"}],"replies":[{"embeddable":true,"href":"https:\/\/marizehiga.com.br\/index.php?rest_route=%2Fwp%2Fv2%2Fcomments&post=376"}],"version-history":[{"count":3,"href":"https:\/\/marizehiga.com.br\/index.php?rest_route=\/wp\/v2\/pages\/376\/revisions"}],"predecessor-version":[{"id":683,"href":"https:\/\/marizehiga.com.br\/index.php?rest_route=\/wp\/v2\/pages\/376\/revisions\/683"}],"wp:attachment":[{"href":"https:\/\/marizehiga.com.br\/index.php?rest_route=%2Fwp%2Fv2%2Fmedia&parent=376"}],"curies":[{"name":"wp","href":"https:\/\/api.w.org\/{rel}","templated":true}]}}