{"id":398,"date":"2025-09-11T12:37:23","date_gmt":"2025-09-11T15:37:23","guid":{"rendered":"https:\/\/marizehiga.com.br\/?page_id=398"},"modified":"2025-10-08T13:09:38","modified_gmt":"2025-10-08T16:09:38","slug":"case-melhoramentos","status":"publish","type":"page","link":"https:\/\/marizehiga.com.br\/?page_id=398","title":{"rendered":"Case-Melhoramentos"},"content":{"rendered":"\n<div class=\"wp-block-media-text is-stacked-on-mobile has-kubio-color-6-color has-text-color has-link-color wp-elements-093b00bcb3169e513b468509452d3587\" style=\"padding-top:var(--wp--preset--spacing--60);padding-right:0;padding-bottom:var(--wp--preset--spacing--60);padding-left:0;grid-template-columns:27% auto\"><figure class=\"wp-block-media-text__media\"><img data-opt-id=44872671  fetchpriority=\"high\" decoding=\"async\" width=\"491\" height=\"481\" src=\"https:\/\/mlx166gptbcr.i.optimole.com\/w:auto\/h:auto\/q:mauto\/ig:avif\/http:\/\/marizehiga.com.br\/wp-content\/uploads\/2025\/09\/Mockup-melhoramentos.png\" alt=\"\" class=\"wp-image-399 size-full\" srcset=\"https:\/\/mlx166gptbcr.i.optimole.com\/w:491\/h:481\/q:mauto\/ig:avif\/https:\/\/marizehiga.com.br\/wp-content\/uploads\/2025\/09\/Mockup-melhoramentos.png 491w, https:\/\/mlx166gptbcr.i.optimole.com\/w:300\/h:294\/q:mauto\/ig:avif\/https:\/\/marizehiga.com.br\/wp-content\/uploads\/2025\/09\/Mockup-melhoramentos.png 300w\" sizes=\"(max-width: 491px) 100vw, 491px\" \/><\/figure><div class=\"wp-block-media-text__content\">\n\n\n\n\n<blockquote class=\"wp-block-quote is-layout-flow wp-block-quote-is-layout-flow\">\n<p><\/p>\n<\/blockquote>\n<\/div><\/div>\n\n\n\n<div class=\"wp-block-media-text has-media-on-the-right is-stacked-on-mobile has-kubio-color-6-color has-text-color has-link-color wp-elements-040d2a68c489a2806694a107ed2ac266\" style=\"padding-top:0;padding-bottom:0;grid-template-columns:auto 35%\"><div class=\"wp-block-media-text__content\">\n\n<\/div><figure class=\"wp-block-media-text__media\"><img data-opt-id=1036800069  fetchpriority=\"high\" decoding=\"async\" width=\"933\" height=\"929\" src=\"https:\/\/mlx166gptbcr.i.optimole.com\/w:auto\/h:auto\/q:mauto\/ig:avif\/http:\/\/marizehiga.com.br\/wp-content\/uploads\/2025\/09\/Melhoramento-1-1.jpg\" alt=\"\" class=\"wp-image-400 size-full\" srcset=\"https:\/\/mlx166gptbcr.i.optimole.com\/w:933\/h:929\/q:mauto\/ig:avif\/https:\/\/marizehiga.com.br\/wp-content\/uploads\/2025\/09\/Melhoramento-1-1.jpg 933w, https:\/\/mlx166gptbcr.i.optimole.com\/w:300\/h:300\/q:mauto\/ig:avif\/https:\/\/marizehiga.com.br\/wp-content\/uploads\/2025\/09\/Melhoramento-1-1.jpg 300w, https:\/\/mlx166gptbcr.i.optimole.com\/w:150\/h:150\/q:mauto\/ig:avif\/https:\/\/marizehiga.com.br\/wp-content\/uploads\/2025\/09\/Melhoramento-1-1.jpg 150w, https:\/\/mlx166gptbcr.i.optimole.com\/w:768\/h:765\/q:mauto\/ig:avif\/https:\/\/marizehiga.com.br\/wp-content\/uploads\/2025\/09\/Melhoramento-1-1.jpg 768w\" sizes=\"(max-width: 933px) 100vw, 933px\" \/><\/figure><\/div>\n\n\n\n<div class=\"wp-block-media-text is-stacked-on-mobile has-kubio-color-6-color has-text-color has-link-color has-small-font-size wp-elements-ceda9ba6f8f9da0e6198631a7dd810c5\" style=\"padding-top:var(--wp--preset--spacing--50);padding-bottom:var(--wp--preset--spacing--50);grid-template-columns:32% auto\"><figure class=\"wp-block-media-text__media\"><img data-opt-id=920428733  data-opt-src=\"https:\/\/mlx166gptbcr.i.optimole.com\/w:auto\/h:auto\/q:mauto\/ig:avif\/http:\/\/marizehiga.com.br\/wp-content\/uploads\/2025\/09\/Melhoramento-2-1.jpg\"  decoding=\"async\" width=\"600\" height=\"440\" src=\"data:image/svg+xml,%3Csvg%20viewBox%3D%220%200%20100%%20100%%22%20width%3D%22100%%22%20height%3D%22100%%22%20xmlns%3D%22http%3A%2F%2Fwww.w3.org%2F2000%2Fsvg%22%3E%3Crect%20width%3D%22100%%22%20height%3D%22100%%22%20fill%3D%22transparent%22%2F%3E%3C%2Fsvg%3E\" alt=\"\" class=\"wp-image-401 size-full\" old-srcset=\"https:\/\/mlx166gptbcr.i.optimole.com\/w:600\/h:440\/q:mauto\/ig:avif\/https:\/\/marizehiga.com.br\/wp-content\/uploads\/2025\/09\/Melhoramento-2-1.jpg 600w, https:\/\/mlx166gptbcr.i.optimole.com\/w:300\/h:220\/q:mauto\/ig:avif\/https:\/\/marizehiga.com.br\/wp-content\/uploads\/2025\/09\/Melhoramento-2-1.jpg 300w\" \/><\/figure><div class=\"wp-block-media-text__content\">\n\n\n\n\n<blockquote class=\"wp-block-quote is-layout-flow wp-block-quote-is-layout-flow\">\n<p><\/p>\n<\/blockquote>\n<\/div><\/div>\n\n\n\n<div class=\"wp-block-media-text has-media-on-the-right is-stacked-on-mobile has-kubio-color-6-color has-text-color has-link-color wp-elements-48f962fc2d703e8d197f812548a969a9\" style=\"padding-top:0;padding-bottom:0;grid-template-columns:auto 45%\"><div class=\"wp-block-media-text__content\">\n\n\n<p>A s\u00e9rie <strong>FCamara Cases<\/strong> tornou-se um portf\u00f3lio vivo de hist\u00f3rias reais, fortalecendo a imagem da FCamara como parceira de inova\u00e7\u00e3o para empresas de diferentes portes e segmentos.<\/p>\n\n\n\n<p>O <strong>KV desenvolvido<\/strong> estabeleceu consist\u00eancia visual para a comunica\u00e7\u00e3o de futuros cases, criando reconhecimento imediato e refor\u00e7ando a identidade da marca.<\/p>\n\n\n\n<p>Amplia\u00e7\u00e3o do engajamento com clientes e prospects, que passaram a enxergar a marca n\u00e3o apenas como provedora de tecnologia, mas como catalisadora de transforma\u00e7\u00e3o digital.<\/p>\n\n\n\n\n\n<blockquote class=\"wp-block-quote is-layout-flow wp-block-quote-is-layout-flow\">\n<p><\/p>\n<\/blockquote>\n<\/div><figure class=\"wp-block-media-text__media\"><img data-opt-id=1856964431  data-opt-src=\"https:\/\/mlx166gptbcr.i.optimole.com\/w:auto\/h:auto\/q:mauto\/ig:avif\/http:\/\/marizehiga.com.br\/wp-content\/uploads\/2025\/09\/Melhoramentos.png\"  decoding=\"async\" width=\"844\" height=\"484\" src=\"data:image/svg+xml,%3Csvg%20viewBox%3D%220%200%20100%%20100%%22%20width%3D%22100%%22%20height%3D%22100%%22%20xmlns%3D%22http%3A%2F%2Fwww.w3.org%2F2000%2Fsvg%22%3E%3Crect%20width%3D%22100%%22%20height%3D%22100%%22%20fill%3D%22transparent%22%2F%3E%3C%2Fsvg%3E\" alt=\"\" class=\"wp-image-402 size-full\" old-srcset=\"https:\/\/mlx166gptbcr.i.optimole.com\/w:844\/h:484\/q:mauto\/ig:avif\/https:\/\/marizehiga.com.br\/wp-content\/uploads\/2025\/09\/Melhoramentos.png 844w, https:\/\/mlx166gptbcr.i.optimole.com\/w:300\/h:172\/q:mauto\/ig:avif\/https:\/\/marizehiga.com.br\/wp-content\/uploads\/2025\/09\/Melhoramentos.png 300w, https:\/\/mlx166gptbcr.i.optimole.com\/w:768\/h:440\/q:mauto\/ig:avif\/https:\/\/marizehiga.com.br\/wp-content\/uploads\/2025\/09\/Melhoramentos.png 768w\" \/><\/figure><\/div>\n","protected":false},"excerpt":{"rendered":"","protected":false},"author":1,"featured_media":0,"parent":0,"menu_order":0,"comment_status":"closed","ping_status":"closed","template":"","meta":{"saved_in_kubio":true,"footnotes":""},"class_list":["post-398","page","type-page","status-publish","hentry"],"kubio_ai_page_context":{"short_desc":"","purpose":"general"},"_links":{"self":[{"href":"https:\/\/marizehiga.com.br\/index.php?rest_route=\/wp\/v2\/pages\/398","targetHints":{"allow":["GET"]}}],"collection":[{"href":"https:\/\/marizehiga.com.br\/index.php?rest_route=\/wp\/v2\/pages"}],"about":[{"href":"https:\/\/marizehiga.com.br\/index.php?rest_route=\/wp\/v2\/types\/page"}],"author":[{"embeddable":true,"href":"https:\/\/marizehiga.com.br\/index.php?rest_route=\/wp\/v2\/users\/1"}],"replies":[{"embeddable":true,"href":"https:\/\/marizehiga.com.br\/index.php?rest_route=%2Fwp%2Fv2%2Fcomments&post=398"}],"version-history":[{"count":2,"href":"https:\/\/marizehiga.com.br\/index.php?rest_route=\/wp\/v2\/pages\/398\/revisions"}],"predecessor-version":[{"id":678,"href":"https:\/\/marizehiga.com.br\/index.php?rest_route=\/wp\/v2\/pages\/398\/revisions\/678"}],"wp:attachment":[{"href":"https:\/\/marizehiga.com.br\/index.php?rest_route=%2Fwp%2Fv2%2Fmedia&parent=398"}],"curies":[{"name":"wp","href":"https:\/\/api.w.org\/{rel}","templated":true}]}}